{"id":191,"date":"2026-02-06T18:23:05","date_gmt":"2026-02-06T18:23:05","guid":{"rendered":"https:\/\/www.evoluxti.com.br\/?page_id=4"},"modified":"2026-02-06T18:23:05","modified_gmt":"2026-02-06T18:23:05","slug":"quem-somos","status":"publish","type":"page","link":"https:\/\/evoluxti.com.br\/index.php\/quem-somos\/","title":{"rendered":"Quem Somos"},"content":{"rendered":"\n\n<h2 class=\"wp-block-heading\">Quem Somos<\/h2>\n\n\n\n<p>A <strong>Evolux TI<\/strong> \u00e9 especializada em infraestrutura, servidores e seguran\u00e7a da informa\u00e7\u00e3o. Nosso foco \u00e9 garantir disponibilidade, performance e prote\u00e7\u00e3o para o ambiente de TI das empresas.<\/p>\n\n\n\n<p>Trabalhamos com profissionais experientes, seguindo boas pr\u00e1ticas e padr\u00f5es de mercado.<\/p>\n\n","protected":false},"excerpt":{"rendered":"<p>Quem Somos A Evolux TI \u00e9 especializada em infraestrutura, servidores e seguran\u00e7a da informa\u00e7\u00e3o. Nosso foco \u00e9 garantir disponibilidade, performance e prote\u00e7\u00e3o para o ambiente de TI das empresas. Trabalhamos com profissionais experientes, seguindo boas pr\u00e1ticas e padr\u00f5es de mercado.<\/p>\n","protected":false},"author":1,"featured_media":0,"parent":0,"menu_order":0,"comment_status":"closed","ping_status":"closed","template":"","meta":{"_kad_post_transparent":"","_kad_post_title":"","_kad_post_layout":"","_kad_post_sidebar_id":"","_kad_post_content_style":"","_kad_post_vertical_padding":"","_kad_post_feature":"","_kad_post_feature_position":"","_kad_post_header":false,"_kad_post_footer":false,"_kad_post_classname":"","_joinchat":[],"footnotes":""},"class_list":["post-191","page","type-page","status-publish","hentry"],"_links":{"self":[{"href":"https:\/\/evoluxti.com.br\/index.php\/wp-json\/wp\/v2\/pages\/191","targetHints":{"allow":["GET"]}}],"collection":[{"href":"https:\/\/evoluxti.com.br\/index.php\/wp-json\/wp\/v2\/pages"}],"about":[{"href":"https:\/\/evoluxti.com.br\/index.php\/wp-json\/wp\/v2\/types\/page"}],"author":[{"embeddable":true,"href":"https:\/\/evoluxti.com.br\/index.php\/wp-json\/wp\/v2\/users\/1"}],"replies":[{"embeddable":true,"href":"https:\/\/evoluxti.com.br\/index.php\/wp-json\/wp\/v2\/comments?post=191"}],"version-history":[{"count":0,"href":"https:\/\/evoluxti.com.br\/index.php\/wp-json\/wp\/v2\/pages\/191\/revisions"}],"wp:attachment":[{"href":"https:\/\/evoluxti.com.br\/index.php\/wp-json\/wp\/v2\/media?parent=191"}],"curies":[{"name":"wp","href":"https:\/\/api.w.org\/{rel}","templated":true}]}}