{"id":2,"date":"2026-02-06T18:23:05","date_gmt":"2026-02-06T18:23:05","guid":{"rendered":"https:\/\/www.evoluxti.com.br\/?page_id=2"},"modified":"2026-02-09T10:11:33","modified_gmt":"2026-02-09T13:11:33","slug":"home","status":"publish","type":"page","link":"https:\/\/evoluxti.com.br\/","title":{"rendered":"Home"},"content":{"rendered":"\t\t<div data-elementor-type=\"wp-page\" data-elementor-id=\"2\" class=\"elementor elementor-2\">\n\t\t\t\t<div class=\"elementor-element elementor-element-269e657f e-flex e-con-boxed e-con e-parent\" data-id=\"269e657f\" data-element_type=\"container\" data-e-type=\"container\">\n\t\t\t\t\t<div class=\"e-con-inner\">\n\t\t\t\t<div class=\"elementor-element elementor-element-5a507d76 elementor-widget elementor-widget-text-editor\" data-id=\"5a507d76\" data-element_type=\"widget\" data-e-type=\"widget\" data-widget_type=\"text-editor.default\">\n\t\t\t\t\t\t\t\t\t<p>\u00a0<\/p>\n\n<div class=\"wp-block-cover is-dark\" style=\"min-height: 520px;aspect-ratio:unset;\">\n<div class=\"wp-block-cover__inner-container is-layout-flow wp-block-cover-is-layout-flow\">\n<h1 class=\"has-text-align-center wp-block-heading\"><span style=\"color: #000000;\">Evolux TI \u2013 Tecnologia, Infraestrutura e Seguran\u00e7a<\/span><\/h1>\n<span style=\"color: #000000;\"><\/span>\n<p class=\"has-text-align-center has-large-font-size\"><span style=\"color: #000000;\">Solu\u00e7\u00f5es profissionais de TI para empresas que precisam de estabilidade, performance e suporte especializado.<\/span><\/p>\n<p>\u00a0<\/p>\n<span style=\"color: #000000;\"><\/span>\n<ul class=\"wp-block-list\">\n<li><span style=\"color: #000000;\">Infraestrutura de TI<\/span><\/li>\n<li><span style=\"color: #000000;\">Servidores Linux e Windows<\/span><\/li>\n<li><span style=\"color: #000000;\">Redes, VLANs e VPN<\/span><\/li>\n<li><span style=\"color: #000000;\">Firewall, Seguran\u00e7a e Monitoramento<\/span><\/li>\n<li><span style=\"color: #000000;\">Suporte T\u00e9cnico Especializado<\/span><\/li>\n<\/ul>\n\n<div class=\"wp-block-buttons is-content-justification-center is-layout-flex wp-container-core-buttons-is-layout-16018d1d wp-block-buttons-is-layout-flex\">\n<div class=\"wp-block-button\">\u00a0<\/div>\n<\/div>\n<\/div>\n<\/div>\n\n<div class=\"wp-block-spacer\" style=\"height: 40px;\" aria-hidden=\"true\">\u00a0<\/div>\n\n<h2 class=\"has-text-align-center wp-block-heading\">Nossos Servi\u00e7os<\/h2>\n\n<div class=\"wp-block-columns is-layout-flex wp-container-core-columns-is-layout-9d6595d7 wp-block-columns-is-layout-flex\">\n<div class=\"wp-block-column is-layout-flow wp-block-column-is-layout-flow\">\n<h3 class=\"wp-block-heading\">Infraestrutura de TI<\/h3>\n\n<p>Planejamento, implanta\u00e7\u00e3o e manuten\u00e7\u00e3o completa do ambiente tecnol\u00f3gico da sua empresa.<\/p>\n\n<h3 class=\"wp-block-heading\">Servidores<\/h3>\n\n<p>Montagem e administra\u00e7\u00e3o de servidores Linux e Windows, com seguran\u00e7a, backup e monitoramento.<\/p>\n<\/div>\n\n<div class=\"wp-block-column is-layout-flow wp-block-column-is-layout-flow\">\n<h3 class=\"wp-block-heading\">Redes, VLANs e VPN<\/h3>\n\n<p>Projetos de rede estruturada, segmenta\u00e7\u00e3o, acesso remoto seguro e alta disponibilidade.<\/p>\n\n<h3 class=\"wp-block-heading\">Firewall e Seguran\u00e7a<\/h3>\n\n<p>Configura\u00e7\u00e3o de firewall, pol\u00edticas de seguran\u00e7a, regras, IDS\/IPS e prote\u00e7\u00e3o de per\u00edmetro.<\/p>\n<\/div>\n\n<div class=\"wp-block-column is-layout-flow wp-block-column-is-layout-flow\">\n<h3 class=\"wp-block-heading\">Suporte Especializado<\/h3>\n\n<p>Atendimento remoto e presencial, contratos mensais (SLA) ou por demanda.<\/p>\n\n<h3 class=\"wp-block-heading\">Consultoria<\/h3>\n\n<p>Diagn\u00f3stico do ambiente, roadmap de melhorias e implementa\u00e7\u00e3o com boas pr\u00e1ticas.<\/p>\n<\/div>\n<\/div>\n\n<div class=\"wp-block-spacer\" style=\"height: 30px;\" aria-hidden=\"true\">\u00a0<\/div>\n\n<div class=\"wp-block-buttons is-content-justification-center is-layout-flex wp-container-core-buttons-is-layout-16018d1d wp-block-buttons-is-layout-flex\">\n<div class=\"wp-block-button\"><a class=\"wp-block-button__link wp-element-button\" href=\"http:\/\/evoluxti.com.br\/index.php\/servicos\/\">Ver todos os servi\u00e7os<\/a><\/div>\n<div class=\"wp-block-button\"><a class=\"wp-block-button__link wp-element-button\" href=\"http:\/\/evoluxti.com.br\/index.php\/contato\/#orcamento\">Solicitar or\u00e7amento<\/a><\/div>\n<\/div>\n\n<div class=\"wp-block-spacer\" style=\"height: 50px;\" aria-hidden=\"true\">\u00a0<\/div>\n\n<div class=\"wp-block-group has-text-color has-background\" style=\"border-radius: 12px; color: #ffffff; background-color: #0a1a2b; padding: 30px;\"><div class=\"wp-block-group__inner-container is-layout-constrained wp-container-core-group-is-layout-79f87eb4 wp-block-group-is-layout-constrained\">\n<h3 class=\"has-text-align-center wp-block-heading\" style=\"color: #ffffff;\">Precisa estabilizar e proteger sua infraestrutura?<\/h3>\n\n<p class=\"has-text-align-center\">Fale com um especialista agora mesmo. Atendimento r\u00e1pido em Salvador e regi\u00e3o.<\/p>\n\n<div class=\"wp-block-buttons is-content-justification-center is-layout-flex wp-container-core-buttons-is-layout-16018d1d wp-block-buttons-is-layout-flex\">\n<div class=\"wp-block-button\"><a class=\"wp-block-button__link wp-element-button\" href=\"tel:+5571988226797\">Ligar agora<\/a><\/div>\n<div class=\"wp-block-button is-style-fill\"><a class=\"wp-block-button__link wp-element-button\" href=\"mailto:comercial@evoluxti.com.br\">Enviar e-mail<\/a><\/div>\n<\/div>\n<\/div><\/div>\n\n<p>\u00a0<\/p>\t\t\t\t\t\t\t\t<\/div>\n\t\t\t\t\t<\/div>\n\t\t\t\t<\/div>\n\t\t\t\t<\/div>\n\t\t","protected":false},"excerpt":{"rendered":"<p>\u00a0 Nossos Servi\u00e7os Infraestrutura de TI Planejamento, implanta\u00e7\u00e3o e manuten\u00e7\u00e3o completa do ambiente tecnol\u00f3gico da sua empresa. Servidores Montagem e administra\u00e7\u00e3o de servidores Linux e Windows, com seguran\u00e7a, backup e monitoramento. Redes, VLANs e VPN Projetos de rede estruturada, segmenta\u00e7\u00e3o, acesso remoto seguro e alta disponibilidade. Firewall e Seguran\u00e7a Configura\u00e7\u00e3o de firewall, pol\u00edticas de seguran\u00e7a,&#8230;<\/p>\n","protected":false},"author":1,"featured_media":0,"parent":0,"menu_order":0,"comment_status":"closed","ping_status":"closed","template":"","meta":{"_kad_post_transparent":"","_kad_post_title":"","_kad_post_layout":"","_kad_post_sidebar_id":"","_kad_post_content_style":"","_kad_post_vertical_padding":"","_kad_post_feature":"","_kad_post_feature_position":"","_kad_post_header":false,"_kad_post_footer":false,"_kad_post_classname":"","_joinchat":[],"footnotes":""},"class_list":["post-2","page","type-page","status-publish","hentry"],"_links":{"self":[{"href":"https:\/\/evoluxti.com.br\/index.php\/wp-json\/wp\/v2\/pages\/2","targetHints":{"allow":["GET"]}}],"collection":[{"href":"https:\/\/evoluxti.com.br\/index.php\/wp-json\/wp\/v2\/pages"}],"about":[{"href":"https:\/\/evoluxti.com.br\/index.php\/wp-json\/wp\/v2\/types\/page"}],"author":[{"embeddable":true,"href":"https:\/\/evoluxti.com.br\/index.php\/wp-json\/wp\/v2\/users\/1"}],"replies":[{"embeddable":true,"href":"https:\/\/evoluxti.com.br\/index.php\/wp-json\/wp\/v2\/comments?post=2"}],"version-history":[{"count":21,"href":"https:\/\/evoluxti.com.br\/index.php\/wp-json\/wp\/v2\/pages\/2\/revisions"}],"predecessor-version":[{"id":225,"href":"https:\/\/evoluxti.com.br\/index.php\/wp-json\/wp\/v2\/pages\/2\/revisions\/225"}],"wp:attachment":[{"href":"https:\/\/evoluxti.com.br\/index.php\/wp-json\/wp\/v2\/media?parent=2"}],"curies":[{"name":"wp","href":"https:\/\/api.w.org\/{rel}","templated":true}]}}