{"id":3,"date":"2026-02-06T18:23:05","date_gmt":"2026-02-06T18:23:05","guid":{"rendered":"https:\/\/www.evoluxti.com.br\/?page_id=3"},"modified":"2026-02-06T18:23:05","modified_gmt":"2026-02-06T18:23:05","slug":"servicos","status":"publish","type":"page","link":"https:\/\/evoluxti.com.br\/index.php\/servicos\/","title":{"rendered":"Servi\u00e7os"},"content":{"rendered":"\n\n<h2 class=\"wp-block-heading\">Servi\u00e7os<\/h2>\n\n\n\n<p>A Evolux TI entrega solu\u00e7\u00f5es completas de infraestrutura, servidores e seguran\u00e7a para empresas.<\/p>\n\n\n\n<hr class=\"wp-block-separator has-alpha-channel-opacity is-style-wide\"\/>\n\n\n\n<h3 class=\"wp-block-heading\">Infraestrutura de TI<\/h3>\n\n\n<ul class=\"wp-block-list\"><li>Invent\u00e1rio e padroniza\u00e7\u00e3o do ambiente;<\/li><li>Backup e pol\u00edticas de recupera\u00e7\u00e3o;<\/li><li>Monitoramento proativo;<\/li><li>Documenta\u00e7\u00e3o t\u00e9cnica.<\/li><\/ul>\n\n\n\n<h3 class=\"wp-block-heading\">Montagem e Administra\u00e7\u00e3o de Servidores<\/h3>\n\n\n<ul class=\"wp-block-list\"><li>Linux e Windows Server;<\/li><li>Active Directory, GPO, DNS, DHCP;<\/li><li>File Server, permiss\u00f5es e auditoria;<\/li><li>Virtualiza\u00e7\u00e3o e alta disponibilidade.<\/li><\/ul>\n\n\n\n<h3 class=\"wp-block-heading\">Firewall, Seguran\u00e7a e VPN<\/h3>\n\n\n<ul class=\"wp-block-list\"><li>Pol\u00edticas e regras de seguran\u00e7a;<\/li><li>VPN site-to-site e acesso remoto;<\/li><li>Hardening e atualiza\u00e7\u00e3o de firmware;<\/li><li>Logs, relat\u00f3rios e conformidade.<\/li><\/ul>\n\n\n\n<h3 class=\"wp-block-heading\">Redes, VLANs e Wi-Fi Corporativo<\/h3>\n\n\n<ul class=\"wp-block-list\"><li>Projeto e implanta\u00e7\u00e3o de rede estruturada;<\/li><li>Switching, roteamento e segmenta\u00e7\u00e3o;<\/li><li>QoS, seguran\u00e7a e alta disponibilidade;<\/li><li>Wireless corporativo com autentica\u00e7\u00e3o.<\/li><\/ul>\n\n\n\n<h3 class=\"wp-block-heading\">Suporte T\u00e9cnico Especializado<\/h3>\n\n\n<p>Planos com SLA, atendimento remoto e presencial, e suporte por demanda.<\/p>\n\n\n\n<div class=\"wp-block-buttons is-content-justification-left is-layout-flex wp-container-core-buttons-is-layout-fdcfc74e wp-block-buttons-is-layout-flex\"><div class=\"wp-block-button\"><a class=\"wp-block-button__link wp-element-button\" href=\"http:\/\/evoluxti.com.br\/index.php\/contato\/#orcamento\">Solicitar proposta<\/a><\/div><\/div>\n\n","protected":false},"excerpt":{"rendered":"<p>Servi\u00e7os A Evolux TI entrega solu\u00e7\u00f5es completas de infraestrutura, servidores e seguran\u00e7a para empresas. Infraestrutura de TI Invent\u00e1rio e padroniza\u00e7\u00e3o do ambiente; Backup e pol\u00edticas de recupera\u00e7\u00e3o; Monitoramento proativo; Documenta\u00e7\u00e3o t\u00e9cnica. Montagem e Administra\u00e7\u00e3o de Servidores Linux e Windows Server; Active Directory, GPO, DNS, DHCP; File Server, permiss\u00f5es e auditoria; Virtualiza\u00e7\u00e3o e alta disponibilidade. Firewall,&#8230;<\/p>\n","protected":false},"author":1,"featured_media":0,"parent":0,"menu_order":0,"comment_status":"closed","ping_status":"closed","template":"","meta":{"_kad_post_transparent":"","_kad_post_title":"","_kad_post_layout":"","_kad_post_sidebar_id":"","_kad_post_content_style":"","_kad_post_vertical_padding":"","_kad_post_feature":"","_kad_post_feature_position":"","_kad_post_header":false,"_kad_post_footer":false,"_kad_post_classname":"","_joinchat":[],"footnotes":""},"class_list":["post-3","page","type-page","status-publish","hentry"],"_links":{"self":[{"href":"https:\/\/evoluxti.com.br\/index.php\/wp-json\/wp\/v2\/pages\/3","targetHints":{"allow":["GET"]}}],"collection":[{"href":"https:\/\/evoluxti.com.br\/index.php\/wp-json\/wp\/v2\/pages"}],"about":[{"href":"https:\/\/evoluxti.com.br\/index.php\/wp-json\/wp\/v2\/types\/page"}],"author":[{"embeddable":true,"href":"https:\/\/evoluxti.com.br\/index.php\/wp-json\/wp\/v2\/users\/1"}],"replies":[{"embeddable":true,"href":"https:\/\/evoluxti.com.br\/index.php\/wp-json\/wp\/v2\/comments?post=3"}],"version-history":[{"count":0,"href":"https:\/\/evoluxti.com.br\/index.php\/wp-json\/wp\/v2\/pages\/3\/revisions"}],"wp:attachment":[{"href":"https:\/\/evoluxti.com.br\/index.php\/wp-json\/wp\/v2\/media?parent=3"}],"curies":[{"name":"wp","href":"https:\/\/api.w.org\/{rel}","templated":true}]}}